{"id":74,"date":"2024-07-06T14:18:14","date_gmt":"2024-07-06T12:18:14","guid":{"rendered":"https:\/\/receptionistvikarhelsingor.curiscare.dk\/index.php\/althea-wp\/"},"modified":"2024-07-06T14:42:04","modified_gmt":"2024-07-06T12:42:04","slug":"althea-wp","status":"publish","type":"page","link":"https:\/\/receptionistvikarhelsingor.curiscare.dk\/","title":{"rendered":"Receptionist vikar Helsing\u00f8r"},"content":{"rendered":"<div data-colibri-id=\"74-c1\" class=\"style-460 style-local-74-c1 position-relative\">\n  <!---->\n  <div data-colibri-component=\"section\" data-colibri-id=\"74-c2\" id=\"overlappable\" class=\"h-section h-section-global-spacing d-flex align-items-lg-center align-items-md-center align-items-center style-461 style-local-74-c2 position-relative\">\n    <!---->\n    <!---->\n    <div class=\"h-section-grid-container h-section-boxed-container\">\n      <!---->\n      <div data-colibri-id=\"74-c3\" class=\"h-row-container gutters-row-lg-2 gutters-row-md-2 gutters-row-2 gutters-row-v-lg-2 gutters-row-v-md-2 gutters-row-v-2 style-462 style-local-74-c3 position-relative\">\n        <!---->\n        <div class=\"h-row justify-content-lg-center justify-content-md-center justify-content-center align-items-lg-stretch align-items-md-stretch align-items-stretch gutters-col-lg-2 gutters-col-md-2 gutters-col-2 gutters-col-v-lg-2 gutters-col-v-md-2 gutters-col-v-2\">\n          <!---->\n          <div class=\"h-column h-column-container d-flex h-col-lg-4 h-col-md-4 h-col-12 style-463-outer style-local-74-c4-outer\">\n            <div data-colibri-id=\"74-c4\" class=\"d-flex h-flex-basis h-column__inner h-px-lg-3 h-px-md-3 h-px-3 v-inner-lg-3 v-inner-md-3 v-inner-3 style-463 style-local-74-c4 position-relative\">\n              <!---->\n              <!---->\n              <div class=\"w-100 h-y-container h-column__content h-column__v-align flex-basis-100 align-self-lg-start align-self-md-start align-self-start\">\n                <!---->\n                <div data-colibri-id=\"74-c5\" class=\"h-icon style-464 style-local-74-c5 position-relative h-element\">\n                  <!----><span class=\"h-svg-icon h-icon__icon style-464-icon style-local-74-c5-icon\"><!--Icon by Font Awesome (https:\/\/fontawesome.com)-->\n    <svg version=\"1.1\" xmlns=\"http:\/\/www.w3.org\/2000\/svg\" xmlns:xlink=\"http:\/\/www.w3.org\/1999\/xlink\" id=\"user-md\" viewBox=\"0 0 1428.0134 1896.0833\">\n      <path d=\"M384 1344q0 26-19 45t-45 19-45-19-19-45 19-45 45-19 45 19 19 45zm1024 61q0 121-73 190t-194 69H267q-121 0-194-69T0 1405q0-68 5.5-131t24-138T77 1003.5t81-103T278 840q-22 52-22 120v203q-58 20-93 70t-35 111q0 80 56 136t136 56 136-56 56-136q0-61-35.5-111t-92.5-70V960q0-62 25-93 132 104 295 104t295-104q25 31 25 93v64q-106 0-181 75t-75 181v89q-32 29-32 71 0 40 28 68t68 28 68-28 28-68q0-42-32-71v-89q0-52 38-90t90-38 90 38 38 90v89q-32 29-32 71 0 40 28 68t68 28 68-28 28-68q0-42-32-71v-89q0-68-34.5-127.5T1152 1059q0-10 .5-42.5t0-48-2.5-41.5-7-47-13-40q68 15 120 60.5t81 103 47.5 132.5 24 138 5.5 131zm-320-893q0 159-112.5 271.5T704 896 432.5 783.5 320 512t112.5-271.5T704 128t271.5 112.5T1088 512z\"><\/path>\n    <\/svg><\/span><\/div>\n                <div data-colibri-id=\"74-c6\" class=\"h-global-transition-all h-heading style-465 style-local-74-c6 position-relative h-element\">\n                  <!---->\n                  <div class=\"h-heading__outer style-465 style-local-74-c6\">\n                    <!---->\n                    <!---->\n                    <h4 class=\"\">Akut Vikar <\/h4>\n                  <\/div>\n                <\/div>\n                <div data-colibri-id=\"74-c7\" class=\"h-text h-text-component style-466 style-local-74-c7 position-relative h-element\">\n                  <!---->\n                  <!---->\n                  <div class=\"\">\n                    <p><span style=\"font-weight: 400; font-size: 16px; font-family: &quot;Open Sans&quot;; color: rgb(102, 102, 102);\">Har du brug for en \u2018Akut Vikar\u2019 til din reception kan vi som regel klare det. Vi kalder det for en \u2018Akut Vikar\u2019 hvis det er inden for 24 timer. Se priser l\u00e6ngere nede.<\/span><\/p>\n                  <\/div>\n                <\/div>\n              <\/div>\n            <\/div>\n          <\/div>\n          <div class=\"h-column h-column-container d-flex h-col-lg-4 h-col-md-4 h-col-12 style-463-outer style-local-74-c8-outer\">\n            <div data-colibri-id=\"74-c8\" class=\"d-flex h-flex-basis h-column__inner h-px-lg-3 h-px-md-3 h-px-3 v-inner-lg-3 v-inner-md-3 v-inner-3 style-463 style-local-74-c8 position-relative\">\n              <!---->\n              <!---->\n              <div class=\"w-100 h-y-container h-column__content h-column__v-align flex-basis-100 align-self-lg-start align-self-md-start align-self-start\">\n                <!---->\n                <div data-colibri-id=\"74-c9\" class=\"h-icon style-467 style-local-74-c9 position-relative h-element\">\n                  <!----><span class=\"h-svg-icon h-icon__icon style-467-icon style-local-74-c9-icon\"><!--Icon by Font Awesome (https:\/\/fontawesome.com)-->\n    <svg version=\"1.1\" xmlns=\"http:\/\/www.w3.org\/2000\/svg\" xmlns:xlink=\"http:\/\/www.w3.org\/1999\/xlink\" id=\"plane\" viewBox=\"0 0 1408.0003 1896.0833\">\n      <path d=\"M1376 160q44 52 12 148t-108 172l-161 161 160 696q5 19-12 33l-128 96q-7 6-19 6-4 0-7-1-15-3-21-16L813 947l-259 259 53 194q5 17-8 31l-96 96q-9 9-23 9h-2q-15-2-24-13l-189-252-252-189q-11-7-13-23-1-13 9-25l96-97q9-9 23-9 6 0 8 1l194 53 259-259L81 444q-14-8-17-24-2-16 9-27l128-128q14-13 30-8l665 159 160-160q76-76 172-108t148 12z\"><\/path>\n    <\/svg><\/span><\/div>\n                <div data-colibri-id=\"74-c10\" class=\"h-global-transition-all h-heading style-465 style-local-74-c10 position-relative h-element\">\n                  <!---->\n                  <div class=\"h-heading__outer style-465 style-local-74-c10\">\n                    <!---->\n                    <!---->\n                    <h4 class=\"\">Afl\u00f8ser Vikar<\/h4>\n                  <\/div>\n                <\/div>\n                <div data-colibri-id=\"74-c11\" class=\"h-text h-text-component style-468 style-local-74-c11 position-relative h-element\">\n                  <!---->\n                  <!---->\n                  <div class=\"\">\n                    <p><span style=\"font-weight: 400; font-size: 16px; font-family: &quot;Open Sans&quot;; color: rgb(102, 102, 102);\">En \u2018Afl\u00f8ser Vikar\u2019 er en vikar som afl\u00f8ser virksomhedens faste receptionist ved ferie, kurser o.l. Her l\u00e6gger vi en fastlagt plan for hele \u00e5ret.&nbsp;&nbsp;<\/span><\/p>\n                  <\/div>\n                <\/div>\n              <\/div>\n            <\/div>\n          <\/div>\n          <div class=\"h-column h-column-container d-flex h-col-lg-4 h-col-md-4 h-col-12 style-463-outer style-local-74-c12-outer\">\n            <div data-colibri-id=\"74-c12\" class=\"d-flex h-flex-basis h-column__inner h-px-lg-3 h-px-md-3 h-px-3 v-inner-lg-3 v-inner-md-3 v-inner-3 style-463 style-local-74-c12 position-relative\">\n              <!---->\n              <!---->\n              <div class=\"w-100 h-y-container h-column__content h-column__v-align flex-basis-100 align-self-lg-start align-self-md-start align-self-start\">\n                <!---->\n                <div data-colibri-id=\"74-c13\" class=\"h-icon style-469 style-local-74-c13 position-relative h-element\">\n                  <!----><span class=\"h-svg-icon h-icon__icon style-469-icon style-local-74-c13-icon\"><!--Icon by Font Awesome (https:\/\/fontawesome.com)-->\n    <svg version=\"1.1\" xmlns=\"http:\/\/www.w3.org\/2000\/svg\" xmlns:xlink=\"http:\/\/www.w3.org\/1999\/xlink\" id=\"handshake-o\" viewBox=\"0 0 2304 1896.0833\">\n      <path d=\"M192 1152q40 0 56-32t0-64-56-32-56 32 0 64 56 32zm1473-58q-10-13-38.5-50t-41.5-54-38-49-42.5-53-40.5-47-45-49l-125 140q-83 94-208.5 92T880 926q-57-69-56.5-158T882 611l177-206q-22-11-51-16.5t-47.5-6-56.5.5-49 1q-92 0-158 66L539 608H384v544q5 0 21-.5t22 0 19.5 2 20.5 4.5 17.5 8.5T503 1180l297 292q115 111 227 111 78 0 125-47 57 20 112.5-8t72.5-85q74 6 127-44 20-18 36-45.5t14-50.5q10 10 43 10 43 0 77-21t49.5-53 12-71.5-30.5-73.5zm159 58h96V640h-93l-157-180q-66-76-169-76h-167q-89 0-146 67L979 694q-28 33-28 75t27 75q43 51 110 52t111-49l193-218q25-23 53.5-21.5t47 27 8.5 56.5q16 19 56 63t60 68q29 36 82.5 105.5t64.5 84.5q52 66 60 140zm288 0q40 0 56-32t0-64-56-32-56 32 0 64 56 32zm192-576v640q0 26-19 45t-45 19h-434q-27 65-82 106.5t-125 51.5q-33 48-80.5 81.5T1416 1565q-42 53-104.5 81.5T1183 1671q-60 34-126 39.5t-127.5-14-117-53.5-103.5-81l-287-282H64q-26 0-45-19t-19-45V544q0-26 19-45t45-19h421q14-14 47-48t47.5-48 44-40 50.5-37.5 51-25.5 62-19.5 68-5.5h117q99 0 181 56 82-56 181-56h167q35 0 67 6t56.5 14.5T1676 303t44.5 31 43 39.5 39 42 41 48T1885 512h355q26 0 45 19t19 45z\"><\/path>\n    <\/svg><\/span><\/div>\n                <div data-colibri-id=\"74-c14\" class=\"h-global-transition-all h-heading style-465 style-local-74-c14 position-relative h-element\">\n                  <!---->\n                  <div class=\"h-heading__outer style-465 style-local-74-c14\">\n                    <!---->\n                    <!---->\n                    <h4 class=\"\">Fast receptionist<\/h4>\n                  <\/div>\n                <\/div>\n                <div data-colibri-id=\"74-c15\" class=\"h-text h-text-component style-468 style-local-74-c15 position-relative h-element\">\n                  <!---->\n                  <!---->\n                  <div class=\"\">\n                    <p><span style=\"font-weight: 400; font-size: 16px; font-family: &quot;Open Sans&quot;; color: rgb(102, 102, 102);\">Har din virksomhed brug for en fast tilknyttet receptionist s\u00e5 kan vi hj\u00e6lpe dig. Vi finder en receptionist som passer til virksomhedes DNA.&nbsp;<\/span><\/p>\n                  <\/div>\n                <\/div>\n              <\/div>\n            <\/div>\n          <\/div>\n        <\/div>\n      <\/div>\n    <\/div>\n  <\/div>\n<\/div>","protected":false},"excerpt":{"rendered":"<p>Akut Vikar Har du brug for en \u2018Akut Vikar\u2019 til din reception kan vi som regel klare det. Vi kalder det for en \u2018Akut Vikar\u2019 hvis det er inden for 24 timer. Se priser l\u00e6ngere nede. Afl\u00f8ser Vikar En \u2018Afl\u00f8ser Vikar\u2019 er en vikar som afl\u00f8ser virksomhedens faste receptionist ved ferie, kurser o.l. Her l\u00e6gger [&hellip;]<\/p>\n","protected":false},"author":1,"featured_media":0,"parent":0,"menu_order":0,"comment_status":"closed","ping_status":"closed","template":"page-templates\/homepage.php","meta":{"footnotes":""},"class_list":["post-74","page","type-page","status-publish","hentry"],"yoast_head":"<!-- This site is optimized with the Yoast SEO plugin v23.0 - https:\/\/yoast.com\/wordpress\/plugins\/seo\/ -->\n<title>Receptionist vikar Helsing\u00f8r - Receptionistvikar Helsing\u00f8r<\/title>\n<meta name=\"robots\" content=\"index, follow, max-snippet:-1, max-image-preview:large, max-video-preview:-1\" \/>\n<link rel=\"canonical\" href=\"https:\/\/receptionistvikarhelsingor.curiscare.dk\/\" \/>\n<meta property=\"og:locale\" content=\"da_DK\" \/>\n<meta property=\"og:type\" content=\"article\" \/>\n<meta property=\"og:title\" content=\"Receptionist vikar Helsing\u00f8r - Receptionistvikar Helsing\u00f8r\" \/>\n<meta property=\"og:description\" content=\"Akut Vikar Har du brug for en \u2018Akut Vikar\u2019 til din reception kan vi som regel klare det. Vi kalder det for en \u2018Akut Vikar\u2019 hvis det er inden for 24 timer. Se priser l\u00e6ngere nede. Afl\u00f8ser Vikar En \u2018Afl\u00f8ser Vikar\u2019 er en vikar som afl\u00f8ser virksomhedens faste receptionist ved ferie, kurser o.l. Her l\u00e6gger [&hellip;]\" \/>\n<meta property=\"og:url\" content=\"https:\/\/receptionistvikarhelsingor.curiscare.dk\/\" \/>\n<meta property=\"og:site_name\" content=\"Receptionistvikar Helsing\u00f8r\" \/>\n<meta property=\"article:modified_time\" content=\"2024-07-06T12:42:04+00:00\" \/>\n<meta name=\"twitter:card\" content=\"summary_large_image\" \/>\n<meta name=\"twitter:label1\" content=\"Estimeret l\u00e6setid\" \/>\n\t<meta name=\"twitter:data1\" content=\"1 minut\" \/>\n<script type=\"application\/ld+json\" class=\"yoast-schema-graph\">{\"@context\":\"https:\/\/schema.org\",\"@graph\":[{\"@type\":\"WebPage\",\"@id\":\"https:\/\/receptionistvikarhelsingor.curiscare.dk\/\",\"url\":\"https:\/\/receptionistvikarhelsingor.curiscare.dk\/\",\"name\":\"Receptionist vikar Helsing\u00f8r - Receptionistvikar Helsing\u00f8r\",\"isPartOf\":{\"@id\":\"https:\/\/receptionistvikarhelsingor.curiscare.dk\/#website\"},\"datePublished\":\"2024-07-06T12:18:14+00:00\",\"dateModified\":\"2024-07-06T12:42:04+00:00\",\"breadcrumb\":{\"@id\":\"https:\/\/receptionistvikarhelsingor.curiscare.dk\/#breadcrumb\"},\"inLanguage\":\"da-DK\",\"potentialAction\":[{\"@type\":\"ReadAction\",\"target\":[\"https:\/\/receptionistvikarhelsingor.curiscare.dk\/\"]}]},{\"@type\":\"BreadcrumbList\",\"@id\":\"https:\/\/receptionistvikarhelsingor.curiscare.dk\/#breadcrumb\",\"itemListElement\":[{\"@type\":\"ListItem\",\"position\":1,\"name\":\"Hjem\",\"item\":\"https:\/\/receptionistvikarhelsingor.curiscare.dk\/\"},{\"@type\":\"ListItem\",\"position\":2,\"name\":\"Receptionist vikar Helsing\u00f8r\"}]},{\"@type\":\"WebSite\",\"@id\":\"https:\/\/receptionistvikarhelsingor.curiscare.dk\/#website\",\"url\":\"https:\/\/receptionistvikarhelsingor.curiscare.dk\/\",\"name\":\"Receptionistvikar Helsing\u00f8r\",\"description\":\"\",\"publisher\":{\"@id\":\"https:\/\/receptionistvikarhelsingor.curiscare.dk\/#organization\"},\"potentialAction\":[{\"@type\":\"SearchAction\",\"target\":{\"@type\":\"EntryPoint\",\"urlTemplate\":\"https:\/\/receptionistvikarhelsingor.curiscare.dk\/?s={search_term_string}\"},\"query-input\":\"required name=search_term_string\"}],\"inLanguage\":\"da-DK\"},{\"@type\":\"Organization\",\"@id\":\"https:\/\/receptionistvikarhelsingor.curiscare.dk\/#organization\",\"name\":\"Receptionistvikar Helsing\u00f8r\",\"url\":\"https:\/\/receptionistvikarhelsingor.curiscare.dk\/\",\"logo\":{\"@type\":\"ImageObject\",\"inLanguage\":\"da-DK\",\"@id\":\"https:\/\/receptionistvikarhelsingor.curiscare.dk\/#\/schema\/logo\/image\/\",\"url\":\"https:\/\/receptionistvikarhelsingor.curiscare.dk\/wp-content\/uploads\/2024\/07\/Receptionist-fra-Curiscare-ApS.png\",\"contentUrl\":\"https:\/\/receptionistvikarhelsingor.curiscare.dk\/wp-content\/uploads\/2024\/07\/Receptionist-fra-Curiscare-ApS.png\",\"width\":989,\"height\":655,\"caption\":\"Receptionistvikar Helsing\u00f8r\"},\"image\":{\"@id\":\"https:\/\/receptionistvikarhelsingor.curiscare.dk\/#\/schema\/logo\/image\/\"}}]}<\/script>\n<!-- \/ Yoast SEO plugin. -->","yoast_head_json":{"title":"Receptionist vikar Helsing\u00f8r - Receptionistvikar Helsing\u00f8r","robots":{"index":"index","follow":"follow","max-snippet":"max-snippet:-1","max-image-preview":"max-image-preview:large","max-video-preview":"max-video-preview:-1"},"canonical":"https:\/\/receptionistvikarhelsingor.curiscare.dk\/","og_locale":"da_DK","og_type":"article","og_title":"Receptionist vikar Helsing\u00f8r - Receptionistvikar Helsing\u00f8r","og_description":"Akut Vikar Har du brug for en \u2018Akut Vikar\u2019 til din reception kan vi som regel klare det. Vi kalder det for en \u2018Akut Vikar\u2019 hvis det er inden for 24 timer. Se priser l\u00e6ngere nede. Afl\u00f8ser Vikar En \u2018Afl\u00f8ser Vikar\u2019 er en vikar som afl\u00f8ser virksomhedens faste receptionist ved ferie, kurser o.l. Her l\u00e6gger [&hellip;]","og_url":"https:\/\/receptionistvikarhelsingor.curiscare.dk\/","og_site_name":"Receptionistvikar Helsing\u00f8r","article_modified_time":"2024-07-06T12:42:04+00:00","twitter_card":"summary_large_image","twitter_misc":{"Estimeret l\u00e6setid":"1 minut"},"schema":{"@context":"https:\/\/schema.org","@graph":[{"@type":"WebPage","@id":"https:\/\/receptionistvikarhelsingor.curiscare.dk\/","url":"https:\/\/receptionistvikarhelsingor.curiscare.dk\/","name":"Receptionist vikar Helsing\u00f8r - Receptionistvikar Helsing\u00f8r","isPartOf":{"@id":"https:\/\/receptionistvikarhelsingor.curiscare.dk\/#website"},"datePublished":"2024-07-06T12:18:14+00:00","dateModified":"2024-07-06T12:42:04+00:00","breadcrumb":{"@id":"https:\/\/receptionistvikarhelsingor.curiscare.dk\/#breadcrumb"},"inLanguage":"da-DK","potentialAction":[{"@type":"ReadAction","target":["https:\/\/receptionistvikarhelsingor.curiscare.dk\/"]}]},{"@type":"BreadcrumbList","@id":"https:\/\/receptionistvikarhelsingor.curiscare.dk\/#breadcrumb","itemListElement":[{"@type":"ListItem","position":1,"name":"Hjem","item":"https:\/\/receptionistvikarhelsingor.curiscare.dk\/"},{"@type":"ListItem","position":2,"name":"Receptionist vikar Helsing\u00f8r"}]},{"@type":"WebSite","@id":"https:\/\/receptionistvikarhelsingor.curiscare.dk\/#website","url":"https:\/\/receptionistvikarhelsingor.curiscare.dk\/","name":"Receptionistvikar Helsing\u00f8r","description":"","publisher":{"@id":"https:\/\/receptionistvikarhelsingor.curiscare.dk\/#organization"},"potentialAction":[{"@type":"SearchAction","target":{"@type":"EntryPoint","urlTemplate":"https:\/\/receptionistvikarhelsingor.curiscare.dk\/?s={search_term_string}"},"query-input":"required name=search_term_string"}],"inLanguage":"da-DK"},{"@type":"Organization","@id":"https:\/\/receptionistvikarhelsingor.curiscare.dk\/#organization","name":"Receptionistvikar Helsing\u00f8r","url":"https:\/\/receptionistvikarhelsingor.curiscare.dk\/","logo":{"@type":"ImageObject","inLanguage":"da-DK","@id":"https:\/\/receptionistvikarhelsingor.curiscare.dk\/#\/schema\/logo\/image\/","url":"https:\/\/receptionistvikarhelsingor.curiscare.dk\/wp-content\/uploads\/2024\/07\/Receptionist-fra-Curiscare-ApS.png","contentUrl":"https:\/\/receptionistvikarhelsingor.curiscare.dk\/wp-content\/uploads\/2024\/07\/Receptionist-fra-Curiscare-ApS.png","width":989,"height":655,"caption":"Receptionistvikar Helsing\u00f8r"},"image":{"@id":"https:\/\/receptionistvikarhelsingor.curiscare.dk\/#\/schema\/logo\/image\/"}}]}},"_links":{"self":[{"href":"https:\/\/receptionistvikarhelsingor.curiscare.dk\/index.php\/wp-json\/wp\/v2\/pages\/74","targetHints":{"allow":["GET"]}}],"collection":[{"href":"https:\/\/receptionistvikarhelsingor.curiscare.dk\/index.php\/wp-json\/wp\/v2\/pages"}],"about":[{"href":"https:\/\/receptionistvikarhelsingor.curiscare.dk\/index.php\/wp-json\/wp\/v2\/types\/page"}],"author":[{"embeddable":true,"href":"https:\/\/receptionistvikarhelsingor.curiscare.dk\/index.php\/wp-json\/wp\/v2\/users\/1"}],"replies":[{"embeddable":true,"href":"https:\/\/receptionistvikarhelsingor.curiscare.dk\/index.php\/wp-json\/wp\/v2\/comments?post=74"}],"version-history":[{"count":17,"href":"https:\/\/receptionistvikarhelsingor.curiscare.dk\/index.php\/wp-json\/wp\/v2\/pages\/74\/revisions"}],"predecessor-version":[{"id":210,"href":"https:\/\/receptionistvikarhelsingor.curiscare.dk\/index.php\/wp-json\/wp\/v2\/pages\/74\/revisions\/210"}],"wp:attachment":[{"href":"https:\/\/receptionistvikarhelsingor.curiscare.dk\/index.php\/wp-json\/wp\/v2\/media?parent=74"}],"curies":[{"name":"wp","href":"https:\/\/api.w.org\/{rel}","templated":true}]}}